{"id":1149,"date":"2024-02-22T16:00:28","date_gmt":"2024-02-22T16:00:28","guid":{"rendered":"https:\/\/evol.biz\/oracle-erp-cloud\/?page_id=1149"},"modified":"2024-02-26T14:30:47","modified_gmt":"2024-02-26T14:30:47","slug":"implementacion-de-oracle-erp-cloud-en-onnet","status":"publish","type":"page","link":"https:\/\/evol.biz\/oracle-erp-cloud\/implementacion-de-oracle-erp-cloud-en-onnet\/","title":{"rendered":"Implementaci\u00f3n de Oracle ERP Cloud en Onnet"},"content":{"rendered":"\t\t<div data-elementor-type=\"wp-page\" data-elementor-id=\"1149\" class=\"elementor elementor-1149\">\n\t\t\t\t\t\t\t\t\t<section class=\"elementor-section elementor-top-section elementor-element elementor-element-9f5346a elementor-section-height-min-height elementor-section-items-stretch elementor-section-boxed elementor-section-height-default\" data-id=\"9f5346a\" data-element_type=\"section\" data-settings=\"{&quot;background_background&quot;:&quot;classic&quot;}\">\n\t\t\t\t\t\t<div class=\"elementor-container elementor-column-gap-default\">\n\t\t\t\t\t<div class=\"elementor-column elementor-col-50 elementor-top-column elementor-element elementor-element-e11d1ee\" data-id=\"e11d1ee\" data-element_type=\"column\" data-settings=\"{&quot;background_background&quot;:&quot;classic&quot;}\">\n\t\t\t<div class=\"elementor-widget-wrap elementor-element-populated\">\n\t\t\t\t\t\t\t\t<div class=\"elementor-element elementor-element-3cea8b3 elementor-widget elementor-widget-heading\" data-id=\"3cea8b3\" data-element_type=\"widget\" data-widget_type=\"heading.default\">\n\t\t\t\t<div class=\"elementor-widget-container\">\n\t\t\t<style>\/*! elementor - v3.13.3 - 28-05-2023 *\/\n.elementor-heading-title{padding:0;margin:0;line-height:1}.elementor-widget-heading .elementor-heading-title[class*=elementor-size-]>a{color:inherit;font-size:inherit;line-height:inherit}.elementor-widget-heading .elementor-heading-title.elementor-size-small{font-size:15px}.elementor-widget-heading .elementor-heading-title.elementor-size-medium{font-size:19px}.elementor-widget-heading .elementor-heading-title.elementor-size-large{font-size:29px}.elementor-widget-heading .elementor-heading-title.elementor-size-xl{font-size:39px}.elementor-widget-heading .elementor-heading-title.elementor-size-xxl{font-size:59px}<\/style><h1 class=\"elementor-heading-title elementor-size-default\">Implementaci\u00f3n de Oracle HCM Cloud en Onnet<\/h1>\t\t<\/div>\n\t\t\t\t<\/div>\n\t\t\t\t<div class=\"elementor-element elementor-element-0689966 elementor-widget elementor-widget-text-editor\" data-id=\"0689966\" data-element_type=\"widget\" data-widget_type=\"text-editor.default\">\n\t\t\t\t<div class=\"elementor-widget-container\">\n\t\t\t<style>\/*! elementor - v3.13.3 - 28-05-2023 *\/\n.elementor-widget-text-editor.elementor-drop-cap-view-stacked .elementor-drop-cap{background-color:#69727d;color:#fff}.elementor-widget-text-editor.elementor-drop-cap-view-framed .elementor-drop-cap{color:#69727d;border:3px solid;background-color:transparent}.elementor-widget-text-editor:not(.elementor-drop-cap-view-default) .elementor-drop-cap{margin-top:8px}.elementor-widget-text-editor:not(.elementor-drop-cap-view-default) .elementor-drop-cap-letter{width:1em;height:1em}.elementor-widget-text-editor .elementor-drop-cap{float:left;text-align:center;line-height:1;font-size:50px}.elementor-widget-text-editor .elementor-drop-cap-letter{display:inline-block}<\/style>\t\t\t\t<p>Onnet se vio en la necesidad de adoptar las mejores pr\u00e1cticas mundiales en el frente de recursos humanos y as\u00ed fortalecer el talento humano de la organizaci\u00f3n.<\/p>\t\t\t\t\t\t<\/div>\n\t\t\t\t<\/div>\n\t\t\t\t<div class=\"elementor-element elementor-element-0514916 elementor-widget elementor-widget-button\" data-id=\"0514916\" data-element_type=\"widget\" data-widget_type=\"button.default\">\n\t\t\t\t<div class=\"elementor-widget-container\">\n\t\t\t\t\t<div class=\"elementor-button-wrapper\">\n\t\t\t<a href=\"https:\/\/evol.biz\/oracle-erp-cloud\/#contacto\" class=\"elementor-button-link elementor-button elementor-size-sm\" role=\"button\">\n\t\t\t\t\t\t<span class=\"elementor-button-content-wrapper\">\n\t\t\t\t\t\t<span class=\"elementor-button-text\">Cont\u00e1ctanos<\/span>\n\t\t<\/span>\n\t\t\t\t\t<\/a>\n\t\t<\/div>\n\t\t\t\t<\/div>\n\t\t\t\t<\/div>\n\t\t\t\t\t<\/div>\n\t\t<\/div>\n\t\t\t\t<div class=\"elementor-column elementor-col-50 elementor-top-column elementor-element elementor-element-fb1f9aa elementor-hidden-tablet elementor-hidden-mobile\" data-id=\"fb1f9aa\" data-element_type=\"column\" data-settings=\"{&quot;background_background&quot;:&quot;classic&quot;}\">\n\t\t\t<div class=\"elementor-widget-wrap\">\n\t\t\t\t\t\t\t\t\t<\/div>\n\t\t<\/div>\n\t\t\t\t\t\t\t<\/div>\n\t\t<\/section>\n\t\t\t\t<section class=\"elementor-section elementor-top-section elementor-element elementor-element-a8f9255 elementor-section-boxed elementor-section-height-default elementor-section-height-default\" data-id=\"a8f9255\" data-element_type=\"section\">\n\t\t\t\t\t\t<div class=\"elementor-container elementor-column-gap-default\">\n\t\t\t\t\t<div class=\"elementor-column elementor-col-100 elementor-top-column elementor-element elementor-element-4447b8c\" data-id=\"4447b8c\" data-element_type=\"column\">\n\t\t\t<div class=\"elementor-widget-wrap elementor-element-populated\">\n\t\t\t\t\t\t\t\t<div class=\"elementor-element elementor-element-7d115e2 elementor-widget elementor-widget-heading\" data-id=\"7d115e2\" data-element_type=\"widget\" data-widget_type=\"heading.default\">\n\t\t\t\t<div class=\"elementor-widget-container\">\n\t\t\t<h4 class=\"elementor-heading-title elementor-size-default\">\u00bfPor qu\u00e9 se eligi\u00f3 Oracle?<\/h4>\t\t<\/div>\n\t\t\t\t<\/div>\n\t\t\t\t<div class=\"elementor-element elementor-element-80a556b elementor-widget elementor-widget-text-editor\" data-id=\"80a556b\" data-element_type=\"widget\" data-widget_type=\"text-editor.default\">\n\t\t\t\t<div class=\"elementor-widget-container\">\n\t\t\t\t\t\t\t<p>ONNET buscaba reemplaza su soluci\u00f3n de recursos humanos por una de clase mundial que le ayude a incrementar la\u00a0 automatizaci\u00f3n y simplificar sus procesos internos. Debido a la implementaci\u00f3n, Onnet cuenta con una plataforma unificada que reduce problemas futuros y les da el control para manejar cualquier aspecto.<\/p>\t\t\t\t\t\t<\/div>\n\t\t\t\t<\/div>\n\t\t\t\t\t<\/div>\n\t\t<\/div>\n\t\t\t\t\t\t\t<\/div>\n\t\t<\/section>\n\t\t\t\t<section class=\"elementor-section elementor-top-section elementor-element elementor-element-d4a3983 elementor-section-boxed elementor-section-height-default elementor-section-height-default\" data-id=\"d4a3983\" data-element_type=\"section\" id=\"casodeexito\" data-settings=\"{&quot;background_background&quot;:&quot;classic&quot;}\">\n\t\t\t\t\t\t<div class=\"elementor-container elementor-column-gap-default\">\n\t\t\t\t\t<div class=\"elementor-column elementor-col-50 elementor-top-column elementor-element elementor-element-f5a4b60\" data-id=\"f5a4b60\" data-element_type=\"column\">\n\t\t\t<div class=\"elementor-widget-wrap elementor-element-populated\">\n\t\t\t\t\t\t\t\t<div class=\"elementor-element elementor-element-c3f7f5e elementor-widget elementor-widget-heading\" data-id=\"c3f7f5e\" data-element_type=\"widget\" data-widget_type=\"heading.default\">\n\t\t\t\t<div class=\"elementor-widget-container\">\n\t\t\t<h4 class=\"elementor-heading-title elementor-size-default\">Resultados<\/h4>\t\t<\/div>\n\t\t\t\t<\/div>\n\t\t\t\t<div class=\"elementor-element elementor-element-98c6f28 elementor-widget elementor-widget-text-editor\" data-id=\"98c6f28\" data-element_type=\"widget\" data-widget_type=\"text-editor.default\">\n\t\t\t\t<div class=\"elementor-widget-container\">\n\t\t\t\t\t\t\t<p>La propuesta de soluci\u00f3n ofrecida a Onnet brind\u00f3 los siguientes beneficios:<\/p><ul><li style=\"text-align: left;\">Adoptar los procesos est\u00e1ndares de Oracle, mejorando la gesti\u00f3n de empleados y optimizando el proceso de selecci\u00f3n y desarrollo de talentos.<\/li><li style=\"text-align: left;\">Gestionar grandes vol\u00famenes de recursos humanos en una plataforma unificada, otorgando visibilidad y control de la informaci\u00f3n consolidada.<\/li><li style=\"text-align: left;\">Tom\u00f3 el control de cada etapa del ciclo de vida del colaborador, desde su contrataci\u00f3n hasta a su retiro,\u00a0 mejorando sustancialmente la eficiencia operacional, mitigando riesgos y problemas futuros.<\/li><\/ul>\t\t\t\t\t\t<\/div>\n\t\t\t\t<\/div>\n\t\t\t\t<div class=\"elementor-element elementor-element-cf770a1 elementor-widget elementor-widget-button\" data-id=\"cf770a1\" data-element_type=\"widget\" data-widget_type=\"button.default\">\n\t\t\t\t<div class=\"elementor-widget-container\">\n\t\t\t\t\t<div class=\"elementor-button-wrapper\">\n\t\t\t<a href=\"https:\/\/evol.biz\/oracle-erp-cloud\/#contacto\" class=\"elementor-button-link elementor-button elementor-size-sm\" role=\"button\">\n\t\t\t\t\t\t<span class=\"elementor-button-content-wrapper\">\n\t\t\t\t\t\t<span class=\"elementor-button-text\">Cont\u00e1ctanos<\/span>\n\t\t<\/span>\n\t\t\t\t\t<\/a>\n\t\t<\/div>\n\t\t\t\t<\/div>\n\t\t\t\t<\/div>\n\t\t\t\t\t<\/div>\n\t\t<\/div>\n\t\t\t\t<div class=\"elementor-column elementor-col-50 elementor-top-column elementor-element elementor-element-5c9781a\" data-id=\"5c9781a\" data-element_type=\"column\">\n\t\t\t<div class=\"elementor-widget-wrap elementor-element-populated\">\n\t\t\t\t\t\t\t\t<div class=\"elementor-element elementor-element-5052de5 elementor-widget elementor-widget-image\" data-id=\"5052de5\" data-element_type=\"widget\" data-widget_type=\"image.default\">\n\t\t\t\t<div class=\"elementor-widget-container\">\n\t\t\t<style>\/*! elementor - v3.13.3 - 28-05-2023 *\/\n.elementor-widget-image{text-align:center}.elementor-widget-image a{display:inline-block}.elementor-widget-image a img[src$=\".svg\"]{width:48px}.elementor-widget-image img{vertical-align:middle;display:inline-block}<\/style>\t\t\t\t\t\t\t\t\t\t\t\t<img loading=\"lazy\" decoding=\"async\" width=\"1200\" height=\"801\" src=\"https:\/\/evol.biz\/oracle-erp-cloud\/wp-content\/uploads\/2023\/05\/oracle.jpg\" class=\"attachment-full size-full wp-image-35\" alt=\"\" srcset=\"https:\/\/evol.biz\/oracle-erp-cloud\/wp-content\/uploads\/2023\/05\/oracle.jpg 1200w, https:\/\/evol.biz\/oracle-erp-cloud\/wp-content\/uploads\/2023\/05\/oracle-300x200.jpg 300w, https:\/\/evol.biz\/oracle-erp-cloud\/wp-content\/uploads\/2023\/05\/oracle-1024x684.jpg 1024w, https:\/\/evol.biz\/oracle-erp-cloud\/wp-content\/uploads\/2023\/05\/oracle-768x513.jpg 768w\" sizes=\"auto, (max-width: 1200px) 100vw, 1200px\" \/>\t\t\t\t\t\t\t\t\t\t\t\t\t\t\t<\/div>\n\t\t\t\t<\/div>\n\t\t\t\t\t<\/div>\n\t\t<\/div>\n\t\t\t\t\t\t\t<\/div>\n\t\t<\/section>\n\t\t\t\t\t\t\t<\/div>\n\t\t","protected":false},"excerpt":{"rendered":"<p>Implementaci\u00f3n de Oracle HCM Cloud en Onnet Onnet se vio en la necesidad de adoptar las mejores pr\u00e1cticas mundiales en el frente de recursos humanos y as\u00ed fortalecer el talento humano de la organizaci\u00f3n. Cont\u00e1ctanos \u00bfPor qu\u00e9 se eligi\u00f3 Oracle? ONNET buscaba reemplaza su soluci\u00f3n de recursos humanos por una de clase mundial que le [&hellip;]<\/p>\n","protected":false},"author":1,"featured_media":0,"parent":0,"menu_order":0,"comment_status":"closed","ping_status":"closed","template":"","meta":{"footnotes":""},"class_list":["post-1149","page","type-page","status-publish","hentry"],"acf":[],"yoast_head":"<!-- This site is optimized with the Yoast SEO plugin v25.8 - https:\/\/yoast.com\/wordpress\/plugins\/seo\/ -->\n<title>Implementaci\u00f3n de Oracle ERP Cloud en Onnet - Oracle ERP Cloud<\/title>\n<meta name=\"robots\" content=\"index, follow, max-snippet:-1, max-image-preview:large, max-video-preview:-1\" \/>\n<link rel=\"canonical\" href=\"https:\/\/evol.biz\/oracle-erp-cloud\/implementacion-de-oracle-erp-cloud-en-onnet\/\" \/>\n<meta property=\"og:locale\" content=\"es_ES\" \/>\n<meta property=\"og:type\" content=\"article\" \/>\n<meta property=\"og:title\" content=\"Implementaci\u00f3n de Oracle ERP Cloud en Onnet - Oracle ERP Cloud\" \/>\n<meta property=\"og:description\" content=\"Implementaci\u00f3n de Oracle HCM Cloud en Onnet Onnet se vio en la necesidad de adoptar las mejores pr\u00e1cticas mundiales en el frente de recursos humanos y as\u00ed fortalecer el talento humano de la organizaci\u00f3n. Cont\u00e1ctanos \u00bfPor qu\u00e9 se eligi\u00f3 Oracle? ONNET buscaba reemplaza su soluci\u00f3n de recursos humanos por una de clase mundial que le [&hellip;]\" \/>\n<meta property=\"og:url\" content=\"https:\/\/evol.biz\/oracle-erp-cloud\/implementacion-de-oracle-erp-cloud-en-onnet\/\" \/>\n<meta property=\"og:site_name\" content=\"Oracle ERP Cloud\" \/>\n<meta property=\"article:modified_time\" content=\"2024-02-26T14:30:47+00:00\" \/>\n<meta property=\"og:image\" content=\"https:\/\/evol.biz\/oracle-erp-cloud\/wp-content\/uploads\/2023\/05\/oracle.jpg\" \/>\n<meta name=\"twitter:card\" content=\"summary_large_image\" \/>\n<meta name=\"twitter:label1\" content=\"Tiempo de lectura\" \/>\n\t<meta name=\"twitter:data1\" content=\"1 minuto\" \/>\n<script type=\"application\/ld+json\" class=\"yoast-schema-graph\">{\"@context\":\"https:\/\/schema.org\",\"@graph\":[{\"@type\":\"WebPage\",\"@id\":\"https:\/\/evol.biz\/oracle-erp-cloud\/implementacion-de-oracle-erp-cloud-en-onnet\/\",\"url\":\"https:\/\/evol.biz\/oracle-erp-cloud\/implementacion-de-oracle-erp-cloud-en-onnet\/\",\"name\":\"Implementaci\u00f3n de Oracle ERP Cloud en Onnet - Oracle ERP Cloud\",\"isPartOf\":{\"@id\":\"https:\/\/evol.biz\/oracle-erp-cloud\/#website\"},\"primaryImageOfPage\":{\"@id\":\"https:\/\/evol.biz\/oracle-erp-cloud\/implementacion-de-oracle-erp-cloud-en-onnet\/#primaryimage\"},\"image\":{\"@id\":\"https:\/\/evol.biz\/oracle-erp-cloud\/implementacion-de-oracle-erp-cloud-en-onnet\/#primaryimage\"},\"thumbnailUrl\":\"https:\/\/evol.biz\/oracle-erp-cloud\/wp-content\/uploads\/2023\/05\/oracle.jpg\",\"datePublished\":\"2024-02-22T16:00:28+00:00\",\"dateModified\":\"2024-02-26T14:30:47+00:00\",\"breadcrumb\":{\"@id\":\"https:\/\/evol.biz\/oracle-erp-cloud\/implementacion-de-oracle-erp-cloud-en-onnet\/#breadcrumb\"},\"inLanguage\":\"es\",\"potentialAction\":[{\"@type\":\"ReadAction\",\"target\":[\"https:\/\/evol.biz\/oracle-erp-cloud\/implementacion-de-oracle-erp-cloud-en-onnet\/\"]}]},{\"@type\":\"ImageObject\",\"inLanguage\":\"es\",\"@id\":\"https:\/\/evol.biz\/oracle-erp-cloud\/implementacion-de-oracle-erp-cloud-en-onnet\/#primaryimage\",\"url\":\"https:\/\/evol.biz\/oracle-erp-cloud\/wp-content\/uploads\/2023\/05\/oracle.jpg\",\"contentUrl\":\"https:\/\/evol.biz\/oracle-erp-cloud\/wp-content\/uploads\/2023\/05\/oracle.jpg\",\"width\":1200,\"height\":801},{\"@type\":\"BreadcrumbList\",\"@id\":\"https:\/\/evol.biz\/oracle-erp-cloud\/implementacion-de-oracle-erp-cloud-en-onnet\/#breadcrumb\",\"itemListElement\":[{\"@type\":\"ListItem\",\"position\":1,\"name\":\"Portada\",\"item\":\"https:\/\/evol.biz\/oracle-erp-cloud\/\"},{\"@type\":\"ListItem\",\"position\":2,\"name\":\"Implementaci\u00f3n de Oracle ERP Cloud en Onnet\"}]},{\"@type\":\"WebSite\",\"@id\":\"https:\/\/evol.biz\/oracle-erp-cloud\/#website\",\"url\":\"https:\/\/evol.biz\/oracle-erp-cloud\/\",\"name\":\"Oracle ERP Cloud\",\"description\":\"-\",\"potentialAction\":[{\"@type\":\"SearchAction\",\"target\":{\"@type\":\"EntryPoint\",\"urlTemplate\":\"https:\/\/evol.biz\/oracle-erp-cloud\/?s={search_term_string}\"},\"query-input\":{\"@type\":\"PropertyValueSpecification\",\"valueRequired\":true,\"valueName\":\"search_term_string\"}}],\"inLanguage\":\"es\"}]}<\/script>\n<!-- \/ Yoast SEO plugin. -->","yoast_head_json":{"title":"Implementaci\u00f3n de Oracle ERP Cloud en Onnet - Oracle ERP Cloud","robots":{"index":"index","follow":"follow","max-snippet":"max-snippet:-1","max-image-preview":"max-image-preview:large","max-video-preview":"max-video-preview:-1"},"canonical":"https:\/\/evol.biz\/oracle-erp-cloud\/implementacion-de-oracle-erp-cloud-en-onnet\/","og_locale":"es_ES","og_type":"article","og_title":"Implementaci\u00f3n de Oracle ERP Cloud en Onnet - Oracle ERP Cloud","og_description":"Implementaci\u00f3n de Oracle HCM Cloud en Onnet Onnet se vio en la necesidad de adoptar las mejores pr\u00e1cticas mundiales en el frente de recursos humanos y as\u00ed fortalecer el talento humano de la organizaci\u00f3n. Cont\u00e1ctanos \u00bfPor qu\u00e9 se eligi\u00f3 Oracle? ONNET buscaba reemplaza su soluci\u00f3n de recursos humanos por una de clase mundial que le [&hellip;]","og_url":"https:\/\/evol.biz\/oracle-erp-cloud\/implementacion-de-oracle-erp-cloud-en-onnet\/","og_site_name":"Oracle ERP Cloud","article_modified_time":"2024-02-26T14:30:47+00:00","og_image":[{"url":"https:\/\/evol.biz\/oracle-erp-cloud\/wp-content\/uploads\/2023\/05\/oracle.jpg","type":"","width":"","height":""}],"twitter_card":"summary_large_image","twitter_misc":{"Tiempo de lectura":"1 minuto"},"schema":{"@context":"https:\/\/schema.org","@graph":[{"@type":"WebPage","@id":"https:\/\/evol.biz\/oracle-erp-cloud\/implementacion-de-oracle-erp-cloud-en-onnet\/","url":"https:\/\/evol.biz\/oracle-erp-cloud\/implementacion-de-oracle-erp-cloud-en-onnet\/","name":"Implementaci\u00f3n de Oracle ERP Cloud en Onnet - Oracle ERP Cloud","isPartOf":{"@id":"https:\/\/evol.biz\/oracle-erp-cloud\/#website"},"primaryImageOfPage":{"@id":"https:\/\/evol.biz\/oracle-erp-cloud\/implementacion-de-oracle-erp-cloud-en-onnet\/#primaryimage"},"image":{"@id":"https:\/\/evol.biz\/oracle-erp-cloud\/implementacion-de-oracle-erp-cloud-en-onnet\/#primaryimage"},"thumbnailUrl":"https:\/\/evol.biz\/oracle-erp-cloud\/wp-content\/uploads\/2023\/05\/oracle.jpg","datePublished":"2024-02-22T16:00:28+00:00","dateModified":"2024-02-26T14:30:47+00:00","breadcrumb":{"@id":"https:\/\/evol.biz\/oracle-erp-cloud\/implementacion-de-oracle-erp-cloud-en-onnet\/#breadcrumb"},"inLanguage":"es","potentialAction":[{"@type":"ReadAction","target":["https:\/\/evol.biz\/oracle-erp-cloud\/implementacion-de-oracle-erp-cloud-en-onnet\/"]}]},{"@type":"ImageObject","inLanguage":"es","@id":"https:\/\/evol.biz\/oracle-erp-cloud\/implementacion-de-oracle-erp-cloud-en-onnet\/#primaryimage","url":"https:\/\/evol.biz\/oracle-erp-cloud\/wp-content\/uploads\/2023\/05\/oracle.jpg","contentUrl":"https:\/\/evol.biz\/oracle-erp-cloud\/wp-content\/uploads\/2023\/05\/oracle.jpg","width":1200,"height":801},{"@type":"BreadcrumbList","@id":"https:\/\/evol.biz\/oracle-erp-cloud\/implementacion-de-oracle-erp-cloud-en-onnet\/#breadcrumb","itemListElement":[{"@type":"ListItem","position":1,"name":"Portada","item":"https:\/\/evol.biz\/oracle-erp-cloud\/"},{"@type":"ListItem","position":2,"name":"Implementaci\u00f3n de Oracle ERP Cloud en Onnet"}]},{"@type":"WebSite","@id":"https:\/\/evol.biz\/oracle-erp-cloud\/#website","url":"https:\/\/evol.biz\/oracle-erp-cloud\/","name":"Oracle ERP Cloud","description":"-","potentialAction":[{"@type":"SearchAction","target":{"@type":"EntryPoint","urlTemplate":"https:\/\/evol.biz\/oracle-erp-cloud\/?s={search_term_string}"},"query-input":{"@type":"PropertyValueSpecification","valueRequired":true,"valueName":"search_term_string"}}],"inLanguage":"es"}]}},"_links":{"self":[{"href":"https:\/\/evol.biz\/oracle-erp-cloud\/wp-json\/wp\/v2\/pages\/1149","targetHints":{"allow":["GET"]}}],"collection":[{"href":"https:\/\/evol.biz\/oracle-erp-cloud\/wp-json\/wp\/v2\/pages"}],"about":[{"href":"https:\/\/evol.biz\/oracle-erp-cloud\/wp-json\/wp\/v2\/types\/page"}],"author":[{"embeddable":true,"href":"https:\/\/evol.biz\/oracle-erp-cloud\/wp-json\/wp\/v2\/users\/1"}],"replies":[{"embeddable":true,"href":"https:\/\/evol.biz\/oracle-erp-cloud\/wp-json\/wp\/v2\/comments?post=1149"}],"version-history":[{"count":16,"href":"https:\/\/evol.biz\/oracle-erp-cloud\/wp-json\/wp\/v2\/pages\/1149\/revisions"}],"predecessor-version":[{"id":1209,"href":"https:\/\/evol.biz\/oracle-erp-cloud\/wp-json\/wp\/v2\/pages\/1149\/revisions\/1209"}],"wp:attachment":[{"href":"https:\/\/evol.biz\/oracle-erp-cloud\/wp-json\/wp\/v2\/media?parent=1149"}],"curies":[{"name":"wp","href":"https:\/\/api.w.org\/{rel}","templated":true}]}}